{"id":16,"date":"2017-12-30T17:20:54","date_gmt":"2017-12-30T16:20:54","guid":{"rendered":"http:\/\/erti-sas.com\/?page_id=16"},"modified":"2018-01-10T08:37:03","modified_gmt":"2018-01-10T07:37:03","slug":"accueil","status":"publish","type":"page","link":"http:\/\/erti-sas.com\/","title":{"rendered":"Accueil"},"content":{"rendered":"<p>Structure \u00e0 taille humaine, ERTI (Etudes et r\u00e9alisation de tuyauterie industrielle)\u00a0 s\u2019appuie sur la comp\u00e9tence pluridisciplinaire de chaque membre de son \u00e9quipe (cr\u00e9ation et production) pour mettre en oeuvre vos id\u00e9es . La soci\u00e9t\u00e9 poss\u00e8de ses propres moyens techniques de production.<\/p>\n<p>Bas\u00e9e \u00e0 Saint Michel sur Orge dans l\u2019Essonne, elle intervient sur toute la France et suit ses clients si n\u00e9cessaire \u00e0 l\u2019\u00e9tranger.<\/p>\n<p>Nous sommes en capacit\u00e9 d&rsquo;intervenir rapidement pour vous d\u00e9panner ou planifier des chantiers plus complexes, n\u00e9cessitant une organisation plus \u00e9labor\u00e9e.<\/p>\n<p>Notre coeur de m\u00e9tier est la tuyauterie en g\u00e9n\u00e9rale (acier carbone, inox, plastique) mais nous intervenons\u00a0 \u00e9galement en fabrication et pose de serrurerie et chaudronnerie.<\/p>\n<p>Fort d&rsquo;une exp\u00e9rience de plus de 25 ans, nos nombreux clients continuent \u00e0 nous faire confiance. Nos \u00e9quipes terrain sont compos\u00e9es de tuyauteurs et de soudeurs capable d&rsquo;intervenir rapidement.<\/p>\n<p><img loading=\"lazy\" class=\"aligncenter wp-image-319 size-large\" src=\"http:\/\/erti-sas.com\/wp-content\/uploads\/2018\/01\/IMG_2045-1024x768.jpg\" alt=\"\" width=\"1024\" height=\"768\" \/><\/p>\n<p>&nbsp;<\/p>\n","protected":false},"excerpt":{"rendered":"<div class=\"slide-text-bg2\"><span>Structure \u00e0 taille humaine, ERTI (Etudes et r\u00e9alisation de tuyauterie industrielle)\u00a0 s\u2019appuie sur la comp\u00e9tence pluridisciplinaire de chaque membre d<\/span><\/div>\n<div class=\"slide-btn-area-sm\"><a href=\"http:\/\/erti-sas.com\/\" class=\"slide-btn-sm\">Lire la suite<\/a><\/div>\n","protected":false},"author":1,"featured_media":0,"parent":0,"menu_order":0,"comment_status":"closed","ping_status":"closed","template":"","meta":[],"_links":{"self":[{"href":"http:\/\/erti-sas.com\/index.php\/wp-json\/wp\/v2\/pages\/16"}],"collection":[{"href":"http:\/\/erti-sas.com\/index.php\/wp-json\/wp\/v2\/pages"}],"about":[{"href":"http:\/\/erti-sas.com\/index.php\/wp-json\/wp\/v2\/types\/page"}],"author":[{"embeddable":true,"href":"http:\/\/erti-sas.com\/index.php\/wp-json\/wp\/v2\/users\/1"}],"replies":[{"embeddable":true,"href":"http:\/\/erti-sas.com\/index.php\/wp-json\/wp\/v2\/comments?post=16"}],"version-history":[{"count":13,"href":"http:\/\/erti-sas.com\/index.php\/wp-json\/wp\/v2\/pages\/16\/revisions"}],"predecessor-version":[{"id":332,"href":"http:\/\/erti-sas.com\/index.php\/wp-json\/wp\/v2\/pages\/16\/revisions\/332"}],"wp:attachment":[{"href":"http:\/\/erti-sas.com\/index.php\/wp-json\/wp\/v2\/media?parent=16"}],"curies":[{"name":"wp","href":"https:\/\/api.w.org\/{rel}","templated":true}]}}