{"id":221,"date":"2018-01-01T16:13:17","date_gmt":"2018-01-01T15:13:17","guid":{"rendered":"http:\/\/erti-sas.com\/?page_id=221"},"modified":"2018-01-02T14:10:23","modified_gmt":"2018-01-02T13:10:23","slug":"mentions-legales","status":"publish","type":"page","link":"http:\/\/erti-sas.com\/index.php\/mentions-legales\/","title":{"rendered":"Mentions l\u00e9gales"},"content":{"rendered":"<p><strong>Mentions l\u00e9gales<\/strong><\/p>\n<p>En vertu de la\u00a0loi du 21 juin 2004 pour la confiance dans l\u2019\u00e9conomie num\u00e9rique,<\/p>\n<p class=\"rtejustify\"><strong>Le site <a href=\"http:\/\/www.erti-sas.com\" target=\"_blank\" rel=\"noopener\">erti-sas.com<\/a> est \u00e9dit\u00e9 par:<\/strong><\/p>\n<p class=\"rtejustify\">ERTI SAS<br \/>\nZA des Montatons<br \/>\n14, rue Denis Papin<br \/>\n91240 Saint-Michel-sur-Orge<br \/>\nSARL au capital de 40 000\u20ac<br \/>\nRCS Evry 382 594 794<br \/>\nT\u00e9l : +33 1 69 46 34 50<br \/>\n<img loading=\"lazy\" class=\"size-full wp-image-237 alignleft\" src=\"http:\/\/erti-sas.com\/wp-content\/uploads\/2018\/01\/image.png\" alt=\"\" width=\"170\" height=\"20\" \/><\/p>\n<p>&nbsp;<\/p>\n<p class=\"rtejustify\"><strong>Le site <a href=\"http:\/\/www.erti-sas.com\" target=\"_blank\" rel=\"noopener\">erti-sas.com<\/a> est h\u00e9berg\u00e9 par:\u00a0<\/strong><\/p>\n<p class=\"rtejustify\">OVH,<br \/>\nSoci\u00e9t\u00e9 par Actions Simplifi\u00e9e,<br \/>\nau capital de 10 000 000 euros, dont le si\u00e8ge social est \u00e9tabli<br \/>\n2 Rue Kellermann\u00a059100 ROUBAIX<br \/>\nimmatricul\u00e9e au Registre du Commerce et des Soci\u00e9t\u00e9s sous le num\u00e9ro:<br \/>\nRCS ROUBAIX-TOURCOING B 424 761 419<\/p>\n<p><strong>Loi CNIL informatique et libert\u00e9s<\/strong><br \/>\nConform\u00e9ment \u00e0 la loi \u00ab Informatique et Libert\u00e9s \u00bb du 6 janvier 1978, ce site a fait l&rsquo;objet d&rsquo;une d\u00e9claration \u00e0 la CNIL \u2013 en date du 13 Septembre 2012 \u2013 r\u00e9c\u00e9piss\u00e9 de d\u00e9claration n\u00b0 16 149 58.<br \/>\nConform\u00e9ment \u00e0 la loi \u00abInformatique et Libert\u00e9s \u00bb du 6 janvier 1978, les personnes ayant fourni des informations personnelles peuvent exercer leurs droits d&rsquo;acc\u00e8s et de modification sur ces donn\u00e9es, en envoyant un courrier \u00e9lectronique \u00e0 l&rsquo;adresse suivante : <img loading=\"lazy\" class=\"alignnone size-full wp-image-237\" src=\"http:\/\/erti-sas.com\/wp-content\/uploads\/2018\/01\/image.png\" alt=\"\" width=\"170\" height=\"20\" \/>De plus, aucune information personnelle n&rsquo;est collect\u00e9e \u00e0 l&rsquo;insu des utilisateurs du site, ni c\u00e9d\u00e9e \u00e0 des tiers, ni utilis\u00e9e \u00e0 des fins personnelles sans votre accord.<\/p>\n","protected":false},"excerpt":{"rendered":"<div class=\"slide-text-bg2\"><span>Mentions l\u00e9gales En vertu de la\u00a0loi du 21 juin 2004 pour la confiance dans l\u2019\u00e9conomie num\u00e9rique, Le site erti-sas.com est \u00e9dit\u00e9 par: ERTI SAS ZA de<\/span><\/div>\n<div class=\"slide-btn-area-sm\"><a href=\"http:\/\/erti-sas.com\/index.php\/mentions-legales\/\" class=\"slide-btn-sm\">Lire la suite<\/a><\/div>\n","protected":false},"author":1,"featured_media":0,"parent":0,"menu_order":0,"comment_status":"closed","ping_status":"closed","template":"","meta":[],"_links":{"self":[{"href":"http:\/\/erti-sas.com\/index.php\/wp-json\/wp\/v2\/pages\/221"}],"collection":[{"href":"http:\/\/erti-sas.com\/index.php\/wp-json\/wp\/v2\/pages"}],"about":[{"href":"http:\/\/erti-sas.com\/index.php\/wp-json\/wp\/v2\/types\/page"}],"author":[{"embeddable":true,"href":"http:\/\/erti-sas.com\/index.php\/wp-json\/wp\/v2\/users\/1"}],"replies":[{"embeddable":true,"href":"http:\/\/erti-sas.com\/index.php\/wp-json\/wp\/v2\/comments?post=221"}],"version-history":[{"count":10,"href":"http:\/\/erti-sas.com\/index.php\/wp-json\/wp\/v2\/pages\/221\/revisions"}],"predecessor-version":[{"id":244,"href":"http:\/\/erti-sas.com\/index.php\/wp-json\/wp\/v2\/pages\/221\/revisions\/244"}],"wp:attachment":[{"href":"http:\/\/erti-sas.com\/index.php\/wp-json\/wp\/v2\/media?parent=221"}],"curies":[{"name":"wp","href":"https:\/\/api.w.org\/{rel}","templated":true}]}}