{"id":46,"date":"2017-12-30T17:35:59","date_gmt":"2017-12-30T16:35:59","guid":{"rendered":"http:\/\/erti-sas.com\/?page_id=46"},"modified":"2020-12-17T08:50:40","modified_gmt":"2020-12-17T07:50:40","slug":"contact","status":"publish","type":"page","link":"https:\/\/erti-sas.com\/index.php\/contact\/","title":{"rendered":"Contact"},"content":{"rendered":"<p>Voici nos coordonn\u00e9es :<\/p>\n<p><strong>ERTI SAS<\/strong><\/p>\n<p>Z.I. des Montatons<\/p>\n<p>14, rue Denis Papin<\/p>\n<p>91240 Saint-Michel-sur-Orge<\/p>\n<div id=\"lmm_3711d219\" style=\"width:640px;\" class=\"mapsmarker markermap marker-1\">\n<div id=\"lmm_panel_3711d219\" class=\"lmm-panel\" style=\"background:#efefef;\">\n<div id=\"lmm_panel_api_3711d219\" class=\"lmm-panel-api\"><a href=\"https:\/\/maps.google.com\/maps?daddr=14%2C+rue+Denis+Papin%2C+91240+Saint-Michel-sur-Orge&amp;t=m&amp;layer=1&amp;doflg=ptk&amp;om=0\" target=\"_blank\" title=\"Obtenir l&#039;itin\u00e9raire\"><img alt=\"icon-car.png\" src=\"https:\/\/erti-sas.com\/wp-content\/plugins\/leaflet-maps-marker\/inc\/img\/icon-car.png\" width=\"14\" height=\"14\" class=\"lmm-panel-api-images\" \/><\/a><a href=\"https:\/\/erti-sas.com\/wp-content\/plugins\/leaflet-maps-marker\/leaflet-kml.php?marker=1&amp;name=show\" style=\"text-decoration:none;\" title=\"Exportation en KML pour Google Earth\/Google Maps\"><img src=\"https:\/\/erti-sas.com\/wp-content\/plugins\/leaflet-maps-marker\/inc\/img\/icon-kml.png\" width=\"14\" height=\"14\" alt=\"KML-Logo\" class=\"lmm-panel-api-images\" \/><\/a><a href=\"https:\/\/erti-sas.com\/wp-content\/plugins\/leaflet-maps-marker\/leaflet-fullscreen.php?marker=1\" style=\"text-decoration:none;\" title=\"Ouvrir la carte toute seule en mode plein \u00e9cran\" target=\"_blank\"><img src=\"https:\/\/erti-sas.com\/wp-content\/plugins\/leaflet-maps-marker\/inc\/img\/icon-fullscreen.png\" width=\"14\" height=\"14\" alt=\"Fullscreen-Logo\" class=\"lmm-panel-api-images\" \/><\/a><a href=\"https:\/\/erti-sas.com\/wp-content\/plugins\/leaflet-maps-marker\/leaflet-geojson.php?marker=1&amp;callback=jsonp&amp;full=yes&amp;full_icon_url=yes\" style=\"text-decoration:none;\" title=\"Exporter au format GeoJSON\" target=\"_blank\"><img src=\"https:\/\/erti-sas.com\/wp-content\/plugins\/leaflet-maps-marker\/inc\/img\/icon-json.png\" width=\"14\" height=\"14\" alt=\"GeoJSON-Logo\" class=\"lmm-panel-api-images\" \/><\/a><a href=\"https:\/\/erti-sas.com\/wp-content\/plugins\/leaflet-maps-marker\/leaflet-georss.php?marker=1\" style=\"text-decoration:none;\" title=\"Exporter au format GeoRSS\" target=\"_blank\"><img src=\"https:\/\/erti-sas.com\/wp-content\/plugins\/leaflet-maps-marker\/inc\/img\/icon-georss.png\" width=\"14\" height=\"14\" alt=\"GeoRSS-Logo\" class=\"lmm-panel-api-images\" \/><\/a><\/div><div id=\"lmm_panel_text_3711d219\" class=\"lmm-panel-text\" style=\"font-weight:bold;color:#373737;\">ERTI-SAS<\/div><\/div>\n<div id=\"lmm_map_3711d219\" class=\"lmm-map\" style=\"background:#f6f6f6;border:1px solid #ccc;height:480px; overflow:hidden;padding:0;\"><p style=\"font-size:80%;color:#9f9e9e;margin-left:5px;\">chargement de la carte - veuillez patienter...<noscript><br\/><strong>La carte ne peut \u00eatre charg\u00e9e - s'il vous pla\u00eet activer Javascript !<\/strong><br\/><a style=\"text-decoration:none;\" href=\"https:\/\/www.mapsmarker.com\/js-disabled\" target=\"_blank\">&rarr; plus d'informations<\/a><\/noscript><\/p><\/div>\n<div id=\"lmm_geo_tags_3711d219\" class=\"lmm-geo-tags geo\">\n<span class=\"paneltext\">ERTI-SAS<\/span>\n<span class=\"latitude\">48.627321<\/span>, <span class=\"longitude\">2.309414<\/span>\n<span class=\"popuptext\"><\/span>\n<\/div>\n<\/div>\n","protected":false},"excerpt":{"rendered":"<div class=\"slide-text-bg2\"><span>Voici nos coordonn\u00e9es : ERTI SAS Z.I. des Montatons 14, rue Denis Papin 91240 Saint-Michel-sur-Orge<\/span><\/div>\n","protected":false},"author":1,"featured_media":0,"parent":0,"menu_order":3,"comment_status":"closed","ping_status":"closed","template":"","meta":[],"_links":{"self":[{"href":"https:\/\/erti-sas.com\/index.php\/wp-json\/wp\/v2\/pages\/46"}],"collection":[{"href":"https:\/\/erti-sas.com\/index.php\/wp-json\/wp\/v2\/pages"}],"about":[{"href":"https:\/\/erti-sas.com\/index.php\/wp-json\/wp\/v2\/types\/page"}],"author":[{"embeddable":true,"href":"https:\/\/erti-sas.com\/index.php\/wp-json\/wp\/v2\/users\/1"}],"replies":[{"embeddable":true,"href":"https:\/\/erti-sas.com\/index.php\/wp-json\/wp\/v2\/comments?post=46"}],"version-history":[{"count":9,"href":"https:\/\/erti-sas.com\/index.php\/wp-json\/wp\/v2\/pages\/46\/revisions"}],"predecessor-version":[{"id":355,"href":"https:\/\/erti-sas.com\/index.php\/wp-json\/wp\/v2\/pages\/46\/revisions\/355"}],"wp:attachment":[{"href":"https:\/\/erti-sas.com\/index.php\/wp-json\/wp\/v2\/media?parent=46"}],"curies":[{"name":"wp","href":"https:\/\/api.w.org\/{rel}","templated":true}]}}